{"id":4541,"date":"2023-12-01T08:57:14","date_gmt":"2023-12-01T07:57:14","guid":{"rendered":"https:\/\/www.lievre.it\/buoni-regalo\/notte\/"},"modified":"2023-12-07T11:35:14","modified_gmt":"2023-12-07T10:35:14","slug":"nuit","status":"publish","type":"product","link":"https:\/\/www.lievre.it\/fr\/cheques-cadeaux\/nuit\/","title":{"rendered":"Nuit"},"content":{"rendered":"<p>1 nuit en chambre de luxe, petit d\u00e9jeuner et acc\u00e8s \u00e0 l&#8217;espace bien-\u00eatre.<\/p>\n<p>Pour r\u00e9server, contactez l&#8217;HOTEL LE LIEVRE AMOUREUX 0165713966 ou info@lievre.it.<\/p>\n<p>Le bon cadeau peut \u00eatre utilis\u00e9 en moyenne saison.<\/p>\n<p>La famille Cretaz se tient \u00e0 votre disposition pour r\u00e9pondre \u00e0 vos questions.<\/p>\n","protected":false},"excerpt":{"rendered":"<p>S\u00e9journez dans une chambre de luxe avec petit-d\u00e9jeuner et acc\u00e8s \u00e0 l&#8217;espace bien-\u00eatre.<\/p>\n","protected":false},"featured_media":4400,"template":"","meta":{"_et_pb_use_builder":"","_et_pb_old_content":"","_et_gb_content_width":""},"product_cat":[43],"product_tag":[],"_links":{"self":[{"href":"https:\/\/www.lievre.it\/fr\/wp-json\/wp\/v2\/product\/4541"}],"collection":[{"href":"https:\/\/www.lievre.it\/fr\/wp-json\/wp\/v2\/product"}],"about":[{"href":"https:\/\/www.lievre.it\/fr\/wp-json\/wp\/v2\/types\/product"}],"wp:featuredmedia":[{"embeddable":true,"href":"https:\/\/www.lievre.it\/fr\/wp-json\/wp\/v2\/media\/4400"}],"wp:attachment":[{"href":"https:\/\/www.lievre.it\/fr\/wp-json\/wp\/v2\/media?parent=4541"}],"wp:term":[{"taxonomy":"product_cat","embeddable":true,"href":"https:\/\/www.lievre.it\/fr\/wp-json\/wp\/v2\/product_cat?post=4541"},{"taxonomy":"product_tag","embeddable":true,"href":"https:\/\/www.lievre.it\/fr\/wp-json\/wp\/v2\/product_tag?post=4541"}],"curies":[{"name":"wp","href":"https:\/\/api.w.org\/{rel}","templated":true}]}}