{"id":4539,"date":"2023-12-01T09:03:05","date_gmt":"2023-12-01T08:03:05","guid":{"rendered":"https:\/\/www.lievre.it\/buoni-regalo\/notte-cena-tipica\/"},"modified":"2023-12-07T11:32:58","modified_gmt":"2023-12-07T10:32:58","slug":"nuit-diner-typique","status":"publish","type":"product","link":"https:\/\/www.lievre.it\/fr\/cheques-cadeaux\/nuit-diner-typique\/","title":{"rendered":"Nuit + D\u00eener typique"},"content":{"rendered":"<p>1 nuit en chambre de luxe, d\u00eener typique, petit d\u00e9jeuner et acc\u00e8s \u00e0 l&#8217;espace bien-\u00eatre.<\/p>\n<p>Pour r\u00e9server, contactez l&#8217;HOTEL LE LIEVRE AMOUREUX 0165713966 ou info@lievre.it.<\/p>\n<p>Le bon cadeau peut \u00eatre utilis\u00e9 en moyenne saison.<\/p>\n<p>La famille Cretaz se tient \u00e0 votre disposition pour r\u00e9pondre \u00e0 vos questions.<\/p>\n","protected":false},"excerpt":{"rendered":"<p>S\u00e9jour en chambre Deluxe avec petit-d\u00e9jeuner et acc\u00e8s \u00e0 l&#8217;espace bien-\u00eatre.<br \/>\nD\u00eener typique pour 2 personnes.<\/p>\n","protected":false},"featured_media":4400,"template":"","meta":{"_et_pb_use_builder":"","_et_pb_old_content":"","_et_gb_content_width":""},"product_cat":[43],"product_tag":[],"_links":{"self":[{"href":"https:\/\/www.lievre.it\/fr\/wp-json\/wp\/v2\/product\/4539"}],"collection":[{"href":"https:\/\/www.lievre.it\/fr\/wp-json\/wp\/v2\/product"}],"about":[{"href":"https:\/\/www.lievre.it\/fr\/wp-json\/wp\/v2\/types\/product"}],"wp:featuredmedia":[{"embeddable":true,"href":"https:\/\/www.lievre.it\/fr\/wp-json\/wp\/v2\/media\/4400"}],"wp:attachment":[{"href":"https:\/\/www.lievre.it\/fr\/wp-json\/wp\/v2\/media?parent=4539"}],"wp:term":[{"taxonomy":"product_cat","embeddable":true,"href":"https:\/\/www.lievre.it\/fr\/wp-json\/wp\/v2\/product_cat?post=4539"},{"taxonomy":"product_tag","embeddable":true,"href":"https:\/\/www.lievre.it\/fr\/wp-json\/wp\/v2\/product_tag?post=4539"}],"curies":[{"name":"wp","href":"https:\/\/api.w.org\/{rel}","templated":true}]}}