{"id":4535,"date":"2023-12-01T09:11:22","date_gmt":"2023-12-01T08:11:22","guid":{"rendered":"https:\/\/www.lievre.it\/buoni-regalo\/notte-massaggio-emozionale\/"},"modified":"2023-12-07T11:21:06","modified_gmt":"2023-12-07T10:21:06","slug":"nuit-massage-emotionnel","status":"publish","type":"product","link":"https:\/\/www.lievre.it\/fr\/cheques-cadeaux\/nuit-massage-emotionnel\/","title":{"rendered":"Nuit + Massage \u00e9motionnel"},"content":{"rendered":"<p>1 nuit en chambre de luxe, massage d&#8217;une demi-heure, petit-d\u00e9jeuner et acc\u00e8s \u00e0 l&#8217;espace bien-\u00eatre.<\/p>\n<p>Pour r\u00e9server, contactez l&#8217;HOTEL LE LIEVRE AMOUREUX 0165713966 ou info@lievre.it.<\/p>\n<p>Le ch\u00e8que-cadeau peut \u00eatre utilis\u00e9 en moyenne saison.<\/p>\n<p>La famille Cretaz se tient \u00e0 votre disposition pour r\u00e9pondre \u00e0 vos questions.<\/p>\n","protected":false},"excerpt":{"rendered":"<p>S\u00e9jour en chambre Deluxe avec petit-d\u00e9jeuner et acc\u00e8s \u00e0 l&#8217;espace bien-\u00eatre.<br \/>\nMassage d&#8217;une demi-heure pour 2 personnes.<\/p>\n","protected":false},"featured_media":4400,"template":"","meta":{"_et_pb_use_builder":"","_et_pb_old_content":"","_et_gb_content_width":""},"product_cat":[43],"product_tag":[],"_links":{"self":[{"href":"https:\/\/www.lievre.it\/fr\/wp-json\/wp\/v2\/product\/4535"}],"collection":[{"href":"https:\/\/www.lievre.it\/fr\/wp-json\/wp\/v2\/product"}],"about":[{"href":"https:\/\/www.lievre.it\/fr\/wp-json\/wp\/v2\/types\/product"}],"wp:featuredmedia":[{"embeddable":true,"href":"https:\/\/www.lievre.it\/fr\/wp-json\/wp\/v2\/media\/4400"}],"wp:attachment":[{"href":"https:\/\/www.lievre.it\/fr\/wp-json\/wp\/v2\/media?parent=4535"}],"wp:term":[{"taxonomy":"product_cat","embeddable":true,"href":"https:\/\/www.lievre.it\/fr\/wp-json\/wp\/v2\/product_cat?post=4535"},{"taxonomy":"product_tag","embeddable":true,"href":"https:\/\/www.lievre.it\/fr\/wp-json\/wp\/v2\/product_tag?post=4535"}],"curies":[{"name":"wp","href":"https:\/\/api.w.org\/{rel}","templated":true}]}}