{"id":3986,"date":"2020-07-21T12:54:21","date_gmt":"2020-07-21T10:54:21","guid":{"rendered":"https:\/\/lievre.devel22.com\/thank-you\/"},"modified":"2020-07-24T15:51:44","modified_gmt":"2020-07-24T13:51:44","slug":"merci","status":"publish","type":"page","link":"https:\/\/www.lievre.it\/fr\/merci\/","title":{"rendered":"Merci"},"content":{"rendered":"<p>[et_pb_section fb_built=&#8221;1&#8243; fullwidth=&#8221;on&#8221; _builder_version=&#8221;4.5.1&#8243; _module_preset=&#8221;default&#8221; background_image=&#8221;https:\/\/www.lievre.it\/wp-content\/uploads\/2020\/07\/Home-slide-01.jpg&#8221; height=&#8221;100vh&#8221;][et_pb_fullwidth_slider show_arrows=&#8221;off&#8221; show_pagination=&#8221;off&#8221; _builder_version=&#8221;4.5.1&#8243; _module_preset=&#8221;default&#8221;][et_pb_slide heading=&#8221;Merci!&#8221; button_text=&#8221;Retour \u00e0 la page d&#8217;accueuil&#8230;&#8221; button_link=&#8221;@ET-DC@eyJkeW5hbWljIjp0cnVlLCJjb250ZW50IjoicG9zdF9saW5rX3VybF9wYWdlIiwic2V0dGluZ3MiOnsicG9zdF9pZCI6IjkifX0=@&#8221; _builder_version=&#8221;4.5.1&#8243; _dynamic_attributes=&#8221;button_link&#8221; _module_preset=&#8221;default&#8221; body_font=&#8221;|300|||||||&#8221; body_font_size=&#8221;19px&#8221; body_line_height=&#8221;1.4em&#8221; background_enable_color=&#8221;off&#8221; use_background_color_gradient=&#8221;on&#8221; background_color_gradient_start=&#8221;rgba(0,0,0,0.64)&#8221; background_color_gradient_end=&#8221;rgba(0,0,0,0)&#8221; custom_button=&#8221;on&#8221; button_bg_color=&#8221;#ac540a&#8221; button_border_width=&#8221;0px&#8221; button_border_radius=&#8221;0px&#8221; button_font=&#8221;|300|||||||&#8221; button_use_icon=&#8221;off&#8221; header_font_size_tablet=&#8221;55px&#8221; header_font_size_phone=&#8221;&#8221; header_font_size_last_edited=&#8221;on|phone&#8221; body_font_size_tablet=&#8221;17px&#8221; body_font_size_phone=&#8221;18px&#8221; body_font_size_last_edited=&#8221;on|desktop&#8221; button_bg_color__hover_enabled=&#8221;on|desktop&#8221; button_bg_color__hover=&#8221;#3b1d03&#8243; button_bg_enable_color__hover=&#8221;on&#8221;]<\/p>\n<p>Merci de nous avoir contact\u00e9. Nous vous r\u00e9pondrons dans les plus brefs d\u00e9lais et en attendant, nous vous invitons \u00e0 continuer \u00e0 naviguer sur notre site.<\/p>\n<p>[\/et_pb_slide][\/et_pb_fullwidth_slider][\/et_pb_section]<\/p>\n","protected":false},"excerpt":{"rendered":"<p>Merci de nous avoir contact\u00e9. Nous vous r\u00e9pondrons dans les plus brefs d\u00e9lais et en attendant, nous vous invitons \u00e0 continuer \u00e0 naviguer sur notre site.<\/p>\n","protected":false},"author":1,"featured_media":0,"parent":0,"menu_order":50,"comment_status":"closed","ping_status":"closed","template":"","meta":{"_et_pb_use_builder":"on","_et_pb_old_content":"","_et_gb_content_width":"","footnotes":""},"_links":{"self":[{"href":"https:\/\/www.lievre.it\/fr\/wp-json\/wp\/v2\/pages\/3986"}],"collection":[{"href":"https:\/\/www.lievre.it\/fr\/wp-json\/wp\/v2\/pages"}],"about":[{"href":"https:\/\/www.lievre.it\/fr\/wp-json\/wp\/v2\/types\/page"}],"author":[{"embeddable":true,"href":"https:\/\/www.lievre.it\/fr\/wp-json\/wp\/v2\/users\/1"}],"replies":[{"embeddable":true,"href":"https:\/\/www.lievre.it\/fr\/wp-json\/wp\/v2\/comments?post=3986"}],"version-history":[{"count":3,"href":"https:\/\/www.lievre.it\/fr\/wp-json\/wp\/v2\/pages\/3986\/revisions"}],"predecessor-version":[{"id":4000,"href":"https:\/\/www.lievre.it\/fr\/wp-json\/wp\/v2\/pages\/3986\/revisions\/4000"}],"wp:attachment":[{"href":"https:\/\/www.lievre.it\/fr\/wp-json\/wp\/v2\/media?parent=3986"}],"curies":[{"name":"wp","href":"https:\/\/api.w.org\/{rel}","templated":true}]}}