{"id":3951,"date":"2020-07-24T09:26:10","date_gmt":"2020-07-24T07:26:10","guid":{"rendered":"https:\/\/lievre.devel22.com\/la-valpelline\/in-valle-daosta\/"},"modified":"2022-06-21T11:33:31","modified_gmt":"2022-06-21T09:33:31","slug":"en-vallee-daoste","status":"publish","type":"page","link":"https:\/\/www.lievre.it\/fr\/la-valpelline\/en-vallee-daoste\/","title":{"rendered":"En Vall\u00e9e d&#8217;Aoste"},"content":{"rendered":"<p>[et_pb_section fb_built=&#8221;1&#8243; custom_padding_last_edited=&#8221;on|phone&#8221; admin_label=&#8221;Intestazione&#8221; _builder_version=&#8221;4.16&#8243; _module_preset=&#8221;default&#8221; use_background_color_gradient=&#8221;on&#8221; background_color_gradient_stops=&#8221;rgba(0,0,0,0.5) 0%|rgba(0,0,0,0) 100%&#8221; background_color_gradient_overlays_image=&#8221;on&#8221; background_color_gradient_start=&#8221;rgba(0,0,0,0.5)&#8221; background_color_gradient_end=&#8221;rgba(0,0,0,0)&#8221; background_image=&#8221;https:\/\/www.lievre.it\/wp-content\/uploads\/2020\/07\/Valpelline-slide-04.jpg&#8221; custom_margin=&#8221;0px||0px||false|false&#8221; custom_padding=&#8221;250px||0px||false|false&#8221; custom_padding_tablet=&#8221;&#8221; custom_padding_phone=&#8221;&#8221; global_colors_info=&#8221;{}&#8221;][et_pb_row custom_padding_last_edited=&#8221;off|desktop&#8221; _builder_version=&#8221;4.16&#8243; _module_preset=&#8221;default&#8221; background_color=&#8221;#ac540a&#8221; background_color_gradient_direction=&#8221;0deg&#8221; width_tablet=&#8221;100%&#8221; width_phone=&#8221;&#8221; width_last_edited=&#8221;on|phone&#8221; custom_margin=&#8221;0px||0px||false|false&#8221; custom_padding=&#8221;0px||0px||false|false&#8221; custom_padding_tablet=&#8221;36vw||12vw||false|false&#8221; global_colors_info=&#8221;{}&#8221;][et_pb_column type=&#8221;4_4&#8243; _builder_version=&#8221;4.16&#8243; _module_preset=&#8221;default&#8221; global_colors_info=&#8221;{}&#8221;][et_pb_post_title meta=&#8221;off&#8221; featured_image=&#8221;off&#8221; _builder_version=&#8221;4.16&#8243; _module_preset=&#8221;default&#8221; title_text_align=&#8221;left&#8221; title_text_color=&#8221;#ffffff&#8221; background_enable_color=&#8221;off&#8221; custom_margin=&#8221;0px||0px||false|false&#8221; custom_padding=&#8221;14px||0px|10px|false|false&#8221; title_font_size_tablet=&#8221;24px&#8221; title_font_size_phone=&#8221;20px&#8221; title_font_size_last_edited=&#8221;on|phone&#8221; border_width_left=&#8221;66px&#8221; global_colors_info=&#8221;{}&#8221;][\/et_pb_post_title][\/et_pb_column][\/et_pb_row][\/et_pb_section][et_pb_section fb_built=&#8221;1&#8243; admin_label=&#8221;Booking engine&#8221; _builder_version=&#8221;4.17.4&#8243; _module_preset=&#8221;default&#8221; custom_padding=&#8221;0px||0px||false|false&#8221; locked=&#8221;off&#8221; global_colors_info=&#8221;{}&#8221;][et_pb_row _builder_version=&#8221;4.17.4&#8243; _module_preset=&#8221;default&#8221; custom_padding=&#8221;0px||0px||false|false&#8221; global_colors_info=&#8221;{}&#8221;][et_pb_column type=&#8221;4_4&#8243; _builder_version=&#8221;4.17.4&#8243; _module_preset=&#8221;default&#8221; global_colors_info=&#8221;{}&#8221;][et_pb_code _builder_version=&#8221;4.17.4&#8243; _module_preset=&#8221;default&#8221; hover_enabled=&#8221;0&#8243; global_colors_info=&#8221;{}&#8221; sticky_enabled=&#8221;0&#8243;]<script charset=\"UTF-8\" defer src=\"https:\/\/cdn.beddy.io\/bol-v2\/prod\/beddy-bar-web-component.js\"><\/script><beddy-bar lang=\"fr\" widgetcode=\"f546101ccf6a1\"><\/beddy-bar>[\/et_pb_code][\/et_pb_column][\/et_pb_row][\/et_pb_section][et_pb_section fb_built=&#8221;1&#8243; admin_label=&#8221;Grigio&#8221; _builder_version=&#8221;4.16&#8243; background_color=&#8221;#e8e8e8&#8243; background_enable_image=&#8221;off&#8221; background_size=&#8221;initial&#8221; background_position=&#8221;bottom_left&#8221; locked=&#8221;off&#8221; collapsed=&#8221;on&#8221; global_colors_info=&#8221;{}&#8221;][et_pb_row column_structure=&#8221;1_2,1_2&#8243; _builder_version=&#8221;4.16&#8243; background_size=&#8221;initial&#8221; background_position=&#8221;top_left&#8221; background_repeat=&#8221;repeat&#8221; global_colors_info=&#8221;{}&#8221;][et_pb_column type=&#8221;1_2&#8243; _builder_version=&#8221;4.16&#8243; custom_padding=&#8221;|||&#8221; global_colors_info=&#8221;{}&#8221; custom_padding__hover=&#8221;|||&#8221;][et_pb_text _builder_version=&#8221;4.16&#8243; _module_preset=&#8221;default&#8221; text_line_height=&#8221;1.5em&#8221; text_orientation_tablet=&#8221;center&#8221; text_orientation_phone=&#8221;center&#8221; text_orientation_last_edited=&#8221;on|phone&#8221; global_colors_info=&#8221;{}&#8221;]<\/p>\n<h1>Aoste Ville Romaine<\/h1>\n<p>Commun\u00e9ment appel\u00e9e &#8220;la Rome des Alpes&#8221;, Aoste \u00e9tait une ville strat\u00e9gique pour les romains, en tant que passage obligatoire pour la Gaule. Son importance est aujourd\u2019hui \u00e9vidente gr\u00e2ce \u00e0 la pr\u00e9sence de monuments d\u2019une beaut\u00e9 et d\u2019une majest\u00e9 incomparable, comme l&#8217;arc d&#8217;Auguste, les portes Praetoriennes, le th\u00e9\u00e2tre et le cryptoportique. Une vraie ville de 2000 ans, encadr\u00e9e par des montagnes de 4000 m.<\/p>\n<p>[\/et_pb_text][\/et_pb_column][et_pb_column type=&#8221;1_2&#8243; _builder_version=&#8221;4.16&#8243; custom_padding=&#8221;|||&#8221; global_colors_info=&#8221;{}&#8221; custom_padding__hover=&#8221;|||&#8221;][et_pb_image src=&#8221;https:\/\/www.lievre.it\/wp-content\/uploads\/2020\/07\/Valle-01.jpg&#8221; title_text=&#8221;Valle 01&#8243; show_in_lightbox=&#8221;on&#8221; _builder_version=&#8221;4.16&#8243; _module_preset=&#8221;default&#8221; border_width_all=&#8221;7px&#8221; border_color_all=&#8221;#ffffff&#8221; box_shadow_style=&#8221;preset3&#8243; global_colors_info=&#8221;{}&#8221;][\/et_pb_image][\/et_pb_column][\/et_pb_row][\/et_pb_section][et_pb_section fb_built=&#8221;1&#8243; admin_label=&#8221;Bianco&#8221; _builder_version=&#8221;4.16&#8243; background_color=&#8221;#ffffff&#8221; background_enable_image=&#8221;off&#8221; background_size=&#8221;initial&#8221; background_position=&#8221;bottom_left&#8221; locked=&#8221;off&#8221; collapsed=&#8221;on&#8221; global_colors_info=&#8221;{}&#8221;][et_pb_row column_structure=&#8221;1_2,1_2&#8243; _builder_version=&#8221;4.16&#8243; background_size=&#8221;initial&#8221; background_position=&#8221;top_left&#8221; background_repeat=&#8221;repeat&#8221; global_colors_info=&#8221;{}&#8221;][et_pb_column type=&#8221;1_2&#8243; _builder_version=&#8221;4.16&#8243; custom_padding=&#8221;|||&#8221; global_colors_info=&#8221;{}&#8221; custom_padding__hover=&#8221;|||&#8221;][et_pb_text _builder_version=&#8221;4.16&#8243; _module_preset=&#8221;default&#8221; text_line_height=&#8221;1.5em&#8221; text_orientation_tablet=&#8221;center&#8221; text_orientation_phone=&#8221;center&#8221; text_orientation_last_edited=&#8221;on|phone&#8221; global_colors_info=&#8221;{}&#8221;]<\/p>\n<h1>La Travers\u00e9e du Mont Blanc<\/h1>\n<p>La travers\u00e9e du Mont Blanc, de Punta Helbronner (3462 m.) \u00e0 l&#8217;Aiguille du midi (3842 m): la magie d\u2019 une promenade en t\u00e9l\u00e9ph\u00e9rique, au c\u0153ur des glaciers du Mont Blanc, touchant le glacier du Dent du G\u00e9ant. A&#8217; Punta Helbronner vous pourrez admirer une vue \u00e0 couper le souffle, et un panorama \u00e0 360\u00b0 sur les sommets qui ont marqu\u00e9 l&#8217;histoire de l&#8217;alpinisme international: du Mont Blanc, \u00e0 la Dent du G\u00e9ant il existe de nombreux sommets couverts par les neiges p\u00e9rennes, glaciers et s\u00e9racs. A&#8217; l&#8217;horizon vous pourrez apercevoir les plus c\u00e9l\u00e8bres pics d&#8217;Europe (4000 m): le Grand Paradis, le Cervin, le Mont Rose&#8230;.<\/p>\n<p>[\/et_pb_text][\/et_pb_column][et_pb_column type=&#8221;1_2&#8243; _builder_version=&#8221;4.16&#8243; custom_padding=&#8221;|||&#8221; global_colors_info=&#8221;{}&#8221; custom_padding__hover=&#8221;|||&#8221;][et_pb_image src=&#8221;https:\/\/www.lievre.it\/wp-content\/uploads\/2020\/07\/Valle-02.jpg&#8221; title_text=&#8221;Valle 02&#8243; show_in_lightbox=&#8221;on&#8221; _builder_version=&#8221;4.16&#8243; _module_preset=&#8221;default&#8221; border_width_all=&#8221;7px&#8221; border_color_all=&#8221;#e8e8e8&#8243; box_shadow_style=&#8221;preset3&#8243; global_colors_info=&#8221;{}&#8221;][\/et_pb_image][\/et_pb_column][\/et_pb_row][\/et_pb_section][et_pb_section fb_built=&#8221;1&#8243; admin_label=&#8221;Grigio&#8221; _builder_version=&#8221;4.16&#8243; background_color=&#8221;#e8e8e8&#8243; background_enable_image=&#8221;off&#8221; background_size=&#8221;initial&#8221; background_position=&#8221;bottom_left&#8221; locked=&#8221;off&#8221; collapsed=&#8221;on&#8221; global_colors_info=&#8221;{}&#8221;][et_pb_row column_structure=&#8221;1_2,1_2&#8243; _builder_version=&#8221;4.16&#8243; background_size=&#8221;initial&#8221; background_position=&#8221;top_left&#8221; background_repeat=&#8221;repeat&#8221; global_colors_info=&#8221;{}&#8221;][et_pb_column type=&#8221;1_2&#8243; _builder_version=&#8221;4.16&#8243; custom_padding=&#8221;|||&#8221; global_colors_info=&#8221;{}&#8221; custom_padding__hover=&#8221;|||&#8221;][et_pb_text _builder_version=&#8221;4.16&#8243; _module_preset=&#8221;default&#8221; text_line_height=&#8221;1.5em&#8221; text_orientation_tablet=&#8221;center&#8221; text_orientation_phone=&#8221;center&#8221; text_orientation_last_edited=&#8221;on|phone&#8221; global_colors_info=&#8221;{}&#8221;]<\/p>\n<h1>Le Fort de Bard et les Chateaux<\/h1>\n<p>Restaur\u00e9 et transform\u00e9 \u00e0 plusieurs reprises, le fort de Bard, qui \u00e9tait \u00e0 l&#8217;origine un ouvrage de d\u00e9fense militaire, a \u00e9t\u00e9 ouvert au public. Il accueille aujourd\u2019hui un mus\u00e9 interactif sur les Alpes, accessible \u00e0 tous, et d\u2019 importantes expositions temporaires avec les meilleurs artistes internationaux. La vall\u00e9e d&#8217;Aoste est en outre le si\u00e8ge de dizaines de ch\u00e2teaux m\u00e9di\u00e9vaux. Parmi eux, le chateau de Fenis, le chateau de Issogne, celui de Verr\u00e8s, Aymavilles, Sarre etc&#8230;<\/p>\n<p>[\/et_pb_text][\/et_pb_column][et_pb_column type=&#8221;1_2&#8243; _builder_version=&#8221;4.16&#8243; custom_padding=&#8221;|||&#8221; global_colors_info=&#8221;{}&#8221; custom_padding__hover=&#8221;|||&#8221;][et_pb_image src=&#8221;https:\/\/www.lievre.it\/wp-content\/uploads\/2020\/07\/Valle-03.jpg&#8221; title_text=&#8221;Valle 03&#8243; show_in_lightbox=&#8221;on&#8221; _builder_version=&#8221;4.16&#8243; _module_preset=&#8221;default&#8221; border_width_all=&#8221;7px&#8221; border_color_all=&#8221;#ffffff&#8221; box_shadow_style=&#8221;preset3&#8243; global_colors_info=&#8221;{}&#8221;][\/et_pb_image][\/et_pb_column][\/et_pb_row][\/et_pb_section]<\/p>\n","protected":false},"excerpt":{"rendered":"<p>Aoste Ville Romaine Commun\u00e9ment appel\u00e9e &#8220;la Rome des Alpes&#8221;, Aoste \u00e9tait une ville strat\u00e9gique pour les romains, en tant que passage obligatoire pour la Gaule. Son importance est aujourd\u2019hui \u00e9vidente gr\u00e2ce \u00e0 la pr\u00e9sence de monuments d\u2019une beaut\u00e9 et d\u2019une majest\u00e9 incomparable, comme l&#8217;arc d&#8217;Auguste, les portes Praetoriennes, le th\u00e9\u00e2tre et le cryptoportique. Une vraie [&hellip;]<\/p>\n","protected":false},"author":1,"featured_media":0,"parent":3909,"menu_order":41,"comment_status":"closed","ping_status":"closed","template":"","meta":{"_et_pb_use_builder":"on","_et_pb_old_content":"","_et_gb_content_width":"","footnotes":""},"_links":{"self":[{"href":"https:\/\/www.lievre.it\/fr\/wp-json\/wp\/v2\/pages\/3951"}],"collection":[{"href":"https:\/\/www.lievre.it\/fr\/wp-json\/wp\/v2\/pages"}],"about":[{"href":"https:\/\/www.lievre.it\/fr\/wp-json\/wp\/v2\/types\/page"}],"author":[{"embeddable":true,"href":"https:\/\/www.lievre.it\/fr\/wp-json\/wp\/v2\/users\/1"}],"replies":[{"embeddable":true,"href":"https:\/\/www.lievre.it\/fr\/wp-json\/wp\/v2\/comments?post=3951"}],"version-history":[{"count":3,"href":"https:\/\/www.lievre.it\/fr\/wp-json\/wp\/v2\/pages\/3951\/revisions"}],"predecessor-version":[{"id":4284,"href":"https:\/\/www.lievre.it\/fr\/wp-json\/wp\/v2\/pages\/3951\/revisions\/4284"}],"up":[{"embeddable":true,"href":"https:\/\/www.lievre.it\/fr\/wp-json\/wp\/v2\/pages\/3909"}],"wp:attachment":[{"href":"https:\/\/www.lievre.it\/fr\/wp-json\/wp\/v2\/media?parent=3951"}],"curies":[{"name":"wp","href":"https:\/\/api.w.org\/{rel}","templated":true}]}}